{"id":108,"date":"2025-09-17T08:52:36","date_gmt":"2025-09-17T08:52:36","guid":{"rendered":"https:\/\/humanlex.mxc.mx\/?page_id=108"},"modified":"2025-09-17T14:32:16","modified_gmt":"2025-09-17T14:32:16","slug":"paquetes-para-abogados-despachos-y-lideres-sindicales","status":"publish","type":"page","link":"https:\/\/humanlex.mxc.mx\/index.php\/paquetes-para-abogados-despachos-y-lideres-sindicales\/","title":{"rendered":"Paquetes para Abogados, Despachos y Lideres sindicales."},"content":{"rendered":"\t\t<div data-elementor-type=\"wp-page\" data-elementor-id=\"108\" class=\"elementor elementor-108\" data-elementor-post-type=\"page\">\n\t\t\t\t\t\t<section class=\"elementor-section elementor-top-section elementor-element elementor-element-aa11a8c elementor-section-height-min-height elementor-section-content-middle elementor-section-boxed elementor-section-height-default elementor-section-items-middle\" data-id=\"aa11a8c\" data-element_type=\"section\" data-settings=\"{&quot;background_background&quot;:&quot;classic&quot;}\">\n\t\t\t\t\t\t\t<div class=\"elementor-background-overlay\"><\/div>\n\t\t\t\t\t\t\t<div class=\"elementor-container elementor-column-gap-no\">\n\t\t\t\t\t<div class=\"elementor-column elementor-col-100 elementor-top-column elementor-element elementor-element-ecbfe95\" data-id=\"ecbfe95\" data-element_type=\"column\">\n\t\t\t<div class=\"elementor-widget-wrap elementor-element-populated\">\n\t\t\t\t\t\t<div class=\"elementor-element elementor-element-6712664 elementor-widget__width-inherit elementor-invisible elementor-widget elementor-widget-elementskit-heading\" data-id=\"6712664\" data-element_type=\"widget\" data-settings=\"{&quot;_animation&quot;:&quot;fadeInUp&quot;}\" data-widget_type=\"elementskit-heading.default\">\n\t\t\t\t\t<div class=\"ekit-wid-con\" ><div class=\"ekit-heading elementskit-section-title-wraper text_center   ekit_heading_tablet-   ekit_heading_mobile-text_center\"><h3 class=\"elementskit-section-subtitle  \">\n\t\t\t\t\t\tHuman Lex Olvera\n\t\t\t\t\t<\/h3><h2 class=\"ekit-heading--title elementskit-section-title \">Paquetes para Abogados, Despachos y Lideres sindicales.<\/h2><\/div><\/div>\t\t\t\t<\/div>\n\t\t\t\t\t<\/div>\n\t\t<\/div>\n\t\t\t\t\t<\/div>\n\t\t<\/section>\n\t\t<div class=\"elementor-element elementor-element-7fac640 e-flex e-con-boxed e-con e-parent\" data-id=\"7fac640\" data-element_type=\"container\">\n\t\t\t\t\t<div class=\"e-con-inner\">\n\t\t<div class=\"elementor-element elementor-element-ff94546 e-con-full e-flex e-con e-child\" data-id=\"ff94546\" data-element_type=\"container\">\n\t\t<div class=\"elementor-element elementor-element-4d71c74 e-con-full e-flex e-con e-child\" data-id=\"4d71c74\" data-element_type=\"container\">\n\t\t\t\t<div class=\"elementor-element elementor-element-5f1885e elementor-widget elementor-widget-gallery\" data-id=\"5f1885e\" data-element_type=\"widget\" data-settings=\"{&quot;columns&quot;:3,&quot;gap&quot;:{&quot;unit&quot;:&quot;px&quot;,&quot;size&quot;:20,&quot;sizes&quot;:[]},&quot;lazyload&quot;:&quot;yes&quot;,&quot;gallery_layout&quot;:&quot;grid&quot;,&quot;columns_tablet&quot;:2,&quot;columns_mobile&quot;:1,&quot;gap_tablet&quot;:{&quot;unit&quot;:&quot;px&quot;,&quot;size&quot;:10,&quot;sizes&quot;:[]},&quot;gap_mobile&quot;:{&quot;unit&quot;:&quot;px&quot;,&quot;size&quot;:10,&quot;sizes&quot;:[]},&quot;link_to&quot;:&quot;file&quot;,&quot;aspect_ratio&quot;:&quot;3:2&quot;,&quot;overlay_background&quot;:&quot;yes&quot;,&quot;content_hover_animation&quot;:&quot;fade-in&quot;}\" data-widget_type=\"gallery.default\">\n\t\t\t\t\t\t\t<div class=\"elementor-gallery__container\">\n\t\t\t\t\t\t\t<a class=\"e-gallery-item elementor-gallery-item elementor-animated-content\" href=\"https:\/\/humanlex.mxc.mx\/wp-content\/uploads\/2025\/09\/imagen-proteccion-laboral.jpg\" data-elementor-open-lightbox=\"yes\" data-elementor-lightbox-slideshow=\"5f1885e\" data-elementor-lightbox-title=\"imagen protecci\u00f3n laboral\" data-e-action-hash=\"#elementor-action%3Aaction%3Dlightbox%26settings%3DeyJpZCI6NDksInVybCI6Imh0dHBzOlwvXC9odW1hbmxleC5teGMubXhcL3dwLWNvbnRlbnRcL3VwbG9hZHNcLzIwMjVcLzA5XC9pbWFnZW4tcHJvdGVjY2lvbi1sYWJvcmFsLmpwZyIsInNsaWRlc2hvdyI6IjVmMTg4NWUifQ%3D%3D\">\n\t\t\t\t\t<div class=\"e-gallery-image elementor-gallery-item__image\" data-thumbnail=\"https:\/\/humanlex.mxc.mx\/wp-content\/uploads\/2025\/09\/imagen-proteccion-laboral.jpg\" data-width=\"360\" data-height=\"180\" aria-label=\"\" role=\"img\" ><\/div>\n\t\t\t\t\t\t\t\t\t\t\t<div class=\"elementor-gallery-item__overlay\"><\/div>\n\t\t\t\t\t\t\t\t\t\t\t\t\t\t<\/a>\n\t\t\t\t\t\t\t<a class=\"e-gallery-item elementor-gallery-item elementor-animated-content\" href=\"https:\/\/humanlex.mxc.mx\/wp-content\/uploads\/2025\/09\/57173-5.jpg\" data-elementor-open-lightbox=\"yes\" data-elementor-lightbox-slideshow=\"5f1885e\" data-elementor-lightbox-title=\"57173-5.jpg\" data-e-action-hash=\"#elementor-action%3Aaction%3Dlightbox%26settings%3DeyJpZCI6MzcsInVybCI6Imh0dHBzOlwvXC9odW1hbmxleC5teGMubXhcL3dwLWNvbnRlbnRcL3VwbG9hZHNcLzIwMjVcLzA5XC81NzE3My01LmpwZyIsInNsaWRlc2hvdyI6IjVmMTg4NWUifQ%3D%3D\">\n\t\t\t\t\t<div class=\"e-gallery-image elementor-gallery-item__image\" data-thumbnail=\"https:\/\/humanlex.mxc.mx\/wp-content\/uploads\/2025\/09\/57173-5.jpg\" data-width=\"1000\" data-height=\"667\" aria-label=\"\" role=\"img\" ><\/div>\n\t\t\t\t\t\t\t\t\t\t\t<div class=\"elementor-gallery-item__overlay\"><\/div>\n\t\t\t\t\t\t\t\t\t\t\t\t\t\t<\/a>\n\t\t\t\t\t\t\t<a class=\"e-gallery-item elementor-gallery-item elementor-animated-content\" href=\"https:\/\/humanlex.mxc.mx\/wp-content\/uploads\/2025\/09\/24838-1.jpg\" data-elementor-open-lightbox=\"yes\" data-elementor-lightbox-slideshow=\"5f1885e\" data-elementor-lightbox-title=\"24838-1.jpg\" data-e-action-hash=\"#elementor-action%3Aaction%3Dlightbox%26settings%3DeyJpZCI6NTYsInVybCI6Imh0dHBzOlwvXC9odW1hbmxleC5teGMubXhcL3dwLWNvbnRlbnRcL3VwbG9hZHNcLzIwMjVcLzA5XC8yNDgzOC0xLmpwZyIsInNsaWRlc2hvdyI6IjVmMTg4NWUifQ%3D%3D\">\n\t\t\t\t\t<div class=\"e-gallery-image elementor-gallery-item__image\" data-thumbnail=\"https:\/\/humanlex.mxc.mx\/wp-content\/uploads\/2025\/09\/24838-1.jpg\" data-width=\"1000\" data-height=\"667\" aria-label=\"\" role=\"img\" ><\/div>\n\t\t\t\t\t\t\t\t\t\t\t<div class=\"elementor-gallery-item__overlay\"><\/div>\n\t\t\t\t\t\t\t\t\t\t\t\t\t\t<\/a>\n\t\t\t\t\t<\/div>\n\t\t\t\t\t<\/div>\n\t\t\t\t<div class=\"elementor-element elementor-element-65b7baf elementor-widget elementor-widget-text-editor\" data-id=\"65b7baf\" data-element_type=\"widget\" data-widget_type=\"text-editor.default\">\n\t\t\t\t\t\t\t\t\t<p data-start=\"245\" data-end=\"552\">En <strong data-start=\"248\" data-end=\"268\">Human Lex Olvera<\/strong> tambi\u00e9n apoyamos a colegas abogados, despachos y organizaciones sindicales con servicios de apoyo jur\u00eddico confiable, eficiente y con costos competitivos. Sabemos que el tiempo y los recursos son valiosos, por eso ofrecemos opciones pr\u00e1cticas que fortalecen tu trabajo profesional.<\/p><p data-start=\"554\" data-end=\"581\"><strong data-start=\"554\" data-end=\"579\">Paquetes disponibles:<\/strong><\/p><ul data-start=\"583\" data-end=\"1556\"><li data-start=\"583\" data-end=\"795\"><p data-start=\"585\" data-end=\"795\"><strong data-start=\"585\" data-end=\"599\">Audiencias<\/strong><br data-start=\"599\" data-end=\"602\" \/>Representaci\u00f3n en audiencias de car\u00e1cter civil, familiar, laboral o administrativo, incluyendo preparaci\u00f3n del informe y seguimiento b\u00e1sico.<br data-start=\"744\" data-end=\"747\" \/><em data-start=\"749\" data-end=\"761\">Honorarios<\/em>: $2,500 \u2013 $4,000 por audiencia.<\/p><\/li><li data-start=\"797\" data-end=\"1058\"><p data-start=\"799\" data-end=\"1058\"><strong data-start=\"799\" data-end=\"831\">Diligencias y Notificaciones<\/strong><br data-start=\"831\" data-end=\"834\" \/>Pr\u00e1ctica de notificaciones, embargos, requerimientos, emplazamientos o diligencias diversas dentro del Estado de M\u00e9xico y CDMX.<br data-start=\"963\" data-end=\"966\" \/><em data-start=\"968\" data-end=\"980\">Honorarios<\/em>: $1,500 \u2013 $3,500 por diligencia (dependiendo de la complejidad y el lugar).<\/p><\/li><li data-start=\"1060\" data-end=\"1300\"><p data-start=\"1062\" data-end=\"1300\"><strong data-start=\"1062\" data-end=\"1114\">Gesti\u00f3n de Tr\u00e1mites Judiciales y Administrativos<\/strong><br data-start=\"1114\" data-end=\"1117\" \/>Presentaci\u00f3n de promociones, consulta de expedientes, obtenci\u00f3n de copias certificadas y gestiones ante autoridades administrativas.<br data-start=\"1251\" data-end=\"1254\" \/><em data-start=\"1256\" data-end=\"1268\">Honorarios<\/em>: $1,000 \u2013 $2,000 por gesti\u00f3n.<\/p><\/li><li data-start=\"1302\" data-end=\"1556\"><p data-start=\"1304\" data-end=\"1556\"><strong data-start=\"1304\" data-end=\"1335\">Paquete Integral Sindicatos<\/strong><br data-start=\"1335\" data-end=\"1338\" \/>Atenci\u00f3n a trabajadores agremiados en asesor\u00eda, defensa en procedimientos laborales y representaci\u00f3n en conciliaciones.<br data-start=\"1459\" data-end=\"1462\" \/><em data-start=\"1464\" data-end=\"1476\">Honorarios<\/em>: Desde $10,000 mensuales (seg\u00fan n\u00famero de agremiados y alcance del convenio).<\/p><\/li><\/ul><p data-start=\"1558\" data-end=\"1742\"><strong data-start=\"1558\" data-end=\"1567\">Nota:<\/strong> Todos los servicios se pactan con transparencia, dejando por separado los gastos de traslado, vi\u00e1ticos y erogaciones que sean necesarias para el cumplimiento de la gesti\u00f3n.<\/p>\t\t\t\t\t\t\t\t<\/div>\n\t\t\t\t<\/div>\n\t\t\t\t<\/div>\n\t\t\t\t\t<\/div>\n\t\t\t\t<\/div>\n\t\t\t\t<section class=\"elementor-section elementor-top-section elementor-element elementor-element-bed192f elementor-section-height-min-height elementor-section-content-middle elementor-section-boxed elementor-section-height-default elementor-section-items-middle\" data-id=\"bed192f\" data-element_type=\"section\" data-settings=\"{&quot;background_background&quot;:&quot;classic&quot;}\">\n\t\t\t\t\t\t\t<div class=\"elementor-background-overlay\"><\/div>\n\t\t\t\t\t\t\t<div class=\"elementor-container elementor-column-gap-no\">\n\t\t\t\t\t<div class=\"elementor-column elementor-col-100 elementor-top-column elementor-element elementor-element-142ec10\" data-id=\"142ec10\" data-element_type=\"column\">\n\t\t\t<div class=\"elementor-widget-wrap elementor-element-populated\">\n\t\t\t\t\t\t<div class=\"elementor-element elementor-element-5b3413e elementor-widget__width-inherit elementor-invisible elementor-widget elementor-widget-elementskit-heading\" data-id=\"5b3413e\" data-element_type=\"widget\" data-settings=\"{&quot;_animation&quot;:&quot;fadeInUp&quot;}\" data-widget_type=\"elementskit-heading.default\">\n\t\t\t\t\t<div class=\"ekit-wid-con\" ><div class=\"ekit-heading elementskit-section-title-wraper text_center   ekit_heading_tablet-   ekit_heading_mobile-text_center\"><h3 class=\"elementskit-section-subtitle  \">\n\t\t\t\t\t\tManteng\u00e1monos en contacto.\n\t\t\t\t\t<\/h3><h2 class=\"ekit-heading--title elementskit-section-title \">\u00bfTienes alguna pregunta? <br> \u00a1Ponte en contacto con nosotros!<\/h2><\/div><\/div>\t\t\t\t<\/div>\n\t\t\t\t<div class=\"elementor-element elementor-element-3a0cbce elementor-align-center elementor-mobile-align-center elementor-widget__width-inherit elementor-widget-mobile__width-inherit elementor-widget elementor-widget-button\" data-id=\"3a0cbce\" data-element_type=\"widget\" data-widget_type=\"button.default\">\n\t\t\t\t\t\t\t\t\t\t<a class=\"elementor-button elementor-button-link elementor-size-md\" href=\"https:\/\/humanlex.mxc.mx\/index.php\/contacto\/\">\n\t\t\t\t\t\t<span class=\"elementor-button-content-wrapper\">\n\t\t\t\t\t\t<span class=\"elementor-button-icon\">\n\t\t\t\t<i aria-hidden=\"true\" class=\"icon icon-arrow-right\"><\/i>\t\t\t<\/span>\n\t\t\t\t\t\t\t\t\t<span class=\"elementor-button-text\">CONTACTO<\/span>\n\t\t\t\t\t<\/span>\n\t\t\t\t\t<\/a>\n\t\t\t\t\t\t\t\t<\/div>\n\t\t\t\t\t<\/div>\n\t\t<\/div>\n\t\t\t\t\t<\/div>\n\t\t<\/section>\n\t\t\t\t<\/div>\n\t\t","protected":false},"excerpt":{"rendered":"<p>Human Lex Olvera Paquetes para Abogados, Despachos y Lideres sindicales. En Human Lex Olvera tambi\u00e9n apoyamos a colegas abogados, despachos y organizaciones sindicales con servicios de apoyo jur\u00eddico confiable, eficiente y con costos competitivos. Sabemos que el tiempo y los recursos son valiosos, por eso ofrecemos opciones pr\u00e1cticas que fortalecen tu trabajo profesional. Paquetes disponibles: [&hellip;]<\/p>\n","protected":false},"author":1,"featured_media":0,"parent":0,"menu_order":0,"comment_status":"closed","ping_status":"closed","template":"","meta":{"ocean_post_layout":"full-screen","ocean_both_sidebars_style":"","ocean_both_sidebars_content_width":0,"ocean_both_sidebars_sidebars_width":0,"ocean_sidebar":"0","ocean_second_sidebar":"0","ocean_disable_margins":"enable","ocean_add_body_class":"","ocean_shortcode_before_top_bar":"","ocean_shortcode_after_top_bar":"","ocean_shortcode_before_header":"","ocean_shortcode_after_header":"","ocean_has_shortcode":"","ocean_shortcode_after_title":"","ocean_shortcode_before_footer_widgets":"","ocean_shortcode_after_footer_widgets":"","ocean_shortcode_before_footer_bottom":"","ocean_shortcode_after_footer_bottom":"","ocean_display_top_bar":"default","ocean_display_header":"default","ocean_header_style":"","ocean_center_header_left_menu":"0","ocean_custom_header_template":"0","ocean_custom_logo":0,"ocean_custom_retina_logo":0,"ocean_custom_logo_max_width":0,"ocean_custom_logo_tablet_max_width":0,"ocean_custom_logo_mobile_max_width":0,"ocean_custom_logo_max_height":0,"ocean_custom_logo_tablet_max_height":0,"ocean_custom_logo_mobile_max_height":0,"ocean_header_custom_menu":"0","ocean_menu_typo_font_family":"0","ocean_menu_typo_font_subset":"","ocean_menu_typo_font_size":0,"ocean_menu_typo_font_size_tablet":0,"ocean_menu_typo_font_size_mobile":0,"ocean_menu_typo_font_size_unit":"px","ocean_menu_typo_font_weight":"","ocean_menu_typo_font_weight_tablet":"","ocean_menu_typo_font_weight_mobile":"","ocean_menu_typo_transform":"","ocean_menu_typo_transform_tablet":"","ocean_menu_typo_transform_mobile":"","ocean_menu_typo_line_height":0,"ocean_menu_typo_line_height_tablet":0,"ocean_menu_typo_line_height_mobile":0,"ocean_menu_typo_line_height_unit":"","ocean_menu_typo_spacing":0,"ocean_menu_typo_spacing_tablet":0,"ocean_menu_typo_spacing_mobile":0,"ocean_menu_typo_spacing_unit":"","ocean_menu_link_color":"","ocean_menu_link_color_hover":"","ocean_menu_link_color_active":"","ocean_menu_link_background":"","ocean_menu_link_hover_background":"","ocean_menu_link_active_background":"","ocean_menu_social_links_bg":"","ocean_menu_social_hover_links_bg":"","ocean_menu_social_links_color":"","ocean_menu_social_hover_links_color":"","ocean_disable_title":"default","ocean_disable_heading":"default","ocean_post_title":"","ocean_post_subheading":"","ocean_post_title_style":"","ocean_post_title_background_color":"","ocean_post_title_background":0,"ocean_post_title_bg_image_position":"","ocean_post_title_bg_image_attachment":"","ocean_post_title_bg_image_repeat":"","ocean_post_title_bg_image_size":"","ocean_post_title_height":0,"ocean_post_title_bg_overlay":0.5,"ocean_post_title_bg_overlay_color":"","ocean_disable_breadcrumbs":"default","ocean_breadcrumbs_color":"","ocean_breadcrumbs_separator_color":"","ocean_breadcrumbs_links_color":"","ocean_breadcrumbs_links_hover_color":"","ocean_display_footer_widgets":"default","ocean_display_footer_bottom":"default","ocean_custom_footer_template":"0","footnotes":""},"class_list":["post-108","page","type-page","status-publish","hentry","entry"],"_links":{"self":[{"href":"https:\/\/humanlex.mxc.mx\/index.php\/wp-json\/wp\/v2\/pages\/108","targetHints":{"allow":["GET"]}}],"collection":[{"href":"https:\/\/humanlex.mxc.mx\/index.php\/wp-json\/wp\/v2\/pages"}],"about":[{"href":"https:\/\/humanlex.mxc.mx\/index.php\/wp-json\/wp\/v2\/types\/page"}],"author":[{"embeddable":true,"href":"https:\/\/humanlex.mxc.mx\/index.php\/wp-json\/wp\/v2\/users\/1"}],"replies":[{"embeddable":true,"href":"https:\/\/humanlex.mxc.mx\/index.php\/wp-json\/wp\/v2\/comments?post=108"}],"version-history":[{"count":7,"href":"https:\/\/humanlex.mxc.mx\/index.php\/wp-json\/wp\/v2\/pages\/108\/revisions"}],"predecessor-version":[{"id":184,"href":"https:\/\/humanlex.mxc.mx\/index.php\/wp-json\/wp\/v2\/pages\/108\/revisions\/184"}],"wp:attachment":[{"href":"https:\/\/humanlex.mxc.mx\/index.php\/wp-json\/wp\/v2\/media?parent=108"}],"curies":[{"name":"wp","href":"https:\/\/api.w.org\/{rel}","templated":true}]}}