{"id":87,"date":"2025-09-17T08:47:48","date_gmt":"2025-09-17T08:47:48","guid":{"rendered":"https:\/\/humanlex.mxc.mx\/?page_id=87"},"modified":"2025-09-17T14:30:10","modified_gmt":"2025-09-17T14:30:10","slug":"para-personas-y-familias","status":"publish","type":"page","link":"https:\/\/humanlex.mxc.mx\/index.php\/para-personas-y-familias\/","title":{"rendered":"Para personas y familias"},"content":{"rendered":"\t\t<div data-elementor-type=\"wp-page\" data-elementor-id=\"87\" class=\"elementor elementor-87\" data-elementor-post-type=\"page\">\n\t\t\t\t\t\t<section class=\"elementor-section elementor-top-section elementor-element elementor-element-aa11a8c elementor-section-height-min-height elementor-section-content-middle elementor-section-boxed elementor-section-height-default elementor-section-items-middle\" data-id=\"aa11a8c\" data-element_type=\"section\" data-settings=\"{&quot;background_background&quot;:&quot;classic&quot;}\">\n\t\t\t\t\t\t\t<div class=\"elementor-background-overlay\"><\/div>\n\t\t\t\t\t\t\t<div class=\"elementor-container elementor-column-gap-no\">\n\t\t\t\t\t<div class=\"elementor-column elementor-col-100 elementor-top-column elementor-element elementor-element-ecbfe95\" data-id=\"ecbfe95\" data-element_type=\"column\">\n\t\t\t<div class=\"elementor-widget-wrap elementor-element-populated\">\n\t\t\t\t\t\t<div class=\"elementor-element elementor-element-6712664 elementor-widget__width-inherit elementor-invisible elementor-widget elementor-widget-elementskit-heading\" data-id=\"6712664\" data-element_type=\"widget\" data-settings=\"{&quot;_animation&quot;:&quot;fadeInUp&quot;}\" data-widget_type=\"elementskit-heading.default\">\n\t\t\t\t\t<div class=\"ekit-wid-con\" ><div class=\"ekit-heading elementskit-section-title-wraper text_center   ekit_heading_tablet-   ekit_heading_mobile-text_center\"><h3 class=\"elementskit-section-subtitle  \">\n\t\t\t\t\t\tHuman Lex Olvera\n\t\t\t\t\t<\/h3><h2 class=\"ekit-heading--title elementskit-section-title \">Servicios<\/h2><\/div><\/div>\t\t\t\t<\/div>\n\t\t\t\t\t<\/div>\n\t\t<\/div>\n\t\t\t\t\t<\/div>\n\t\t<\/section>\n\t\t<div class=\"elementor-element elementor-element-7fac640 e-flex e-con-boxed e-con e-parent\" data-id=\"7fac640\" data-element_type=\"container\">\n\t\t\t\t\t<div class=\"e-con-inner\">\n\t\t<div class=\"elementor-element elementor-element-dfd1d50 e-con-full e-flex e-con e-child\" data-id=\"dfd1d50\" data-element_type=\"container\">\n\t\t\t\t<div class=\"elementor-element elementor-element-161e976 elementor-widget elementor-widget-image\" data-id=\"161e976\" data-element_type=\"widget\" data-widget_type=\"image.default\">\n\t\t\t\t\t\t\t\t\t\t\t\t\t\t\t<img fetchpriority=\"high\" decoding=\"async\" width=\"1000\" height=\"667\" src=\"https:\/\/humanlex.mxc.mx\/wp-content\/uploads\/2025\/09\/57173-5.jpg\" class=\"attachment-full size-full wp-image-37\" alt=\"\" srcset=\"https:\/\/humanlex.mxc.mx\/wp-content\/uploads\/2025\/09\/57173-5.jpg 1000w, https:\/\/humanlex.mxc.mx\/wp-content\/uploads\/2025\/09\/57173-5-300x200.jpg 300w, https:\/\/humanlex.mxc.mx\/wp-content\/uploads\/2025\/09\/57173-5-768x512.jpg 768w\" sizes=\"(max-width: 1000px) 100vw, 1000px\" \/>\t\t\t\t\t\t\t\t\t\t\t\t\t\t\t<\/div>\n\t\t\t\t<\/div>\n\t\t<div class=\"elementor-element elementor-element-ff94546 e-con-full e-flex e-con e-child\" data-id=\"ff94546\" data-element_type=\"container\">\n\t\t<div class=\"elementor-element elementor-element-4d71c74 e-con-full e-flex e-con e-child\" data-id=\"4d71c74\" data-element_type=\"container\">\n\t\t\t\t<div class=\"elementor-element elementor-element-51afa1c elementor-widget__width-inherit elementor-invisible elementor-widget elementor-widget-elementskit-heading\" data-id=\"51afa1c\" data-element_type=\"widget\" data-settings=\"{&quot;_animation&quot;:&quot;fadeInUp&quot;}\" data-widget_type=\"elementskit-heading.default\">\n\t\t\t\t\t<div class=\"ekit-wid-con\" ><div class=\"ekit-heading elementskit-section-title-wraper text_left   ekit_heading_tablet-   ekit_heading_mobile-text_left\"><h3 class=\"elementskit-section-subtitle  \">\n\t\t\t\t\t\tServicios\n\t\t\t\t\t<\/h3><h2 class=\"ekit-heading--title elementskit-section-title \">Para personas y familias<\/h2><\/div><\/div>\t\t\t\t<\/div>\n\t\t\t\t<div class=\"elementor-element elementor-element-65b7baf elementor-widget elementor-widget-text-editor\" data-id=\"65b7baf\" data-element_type=\"widget\" data-widget_type=\"text-editor.default\">\n\t\t\t\t\t\t\t\t\t<p data-start=\"214\" data-end=\"345\">En <strong data-start=\"217\" data-end=\"237\">Human Lex Olvera<\/strong> acompa\u00f1amos a las personas y familias en la protecci\u00f3n de sus derechos.<br data-start=\"305\" data-end=\"308\" \/>Nuestros principales servicios son:<\/p><ul><li data-start=\"348\" data-end=\"454\"><strong data-start=\"348\" data-end=\"375\">Asesor\u00eda legal inicial:<\/strong> Orientaci\u00f3n clara sobre su situaci\u00f3n y las alternativas legales disponibles.<\/li><li data-start=\"457\" data-end=\"582\"><strong data-start=\"457\" data-end=\"486\">Litigio civil y familiar:<\/strong> Juicios Sucesorios, Divorcios, pensiones alimenticias, custodia y Custodia, procedimiento judicial no contencioso sobre Identidad de persona, nombramiento de personas de Apoyo, juicios sobre rectificaci\u00f3n de actas (nacimiento, matrimonio, defunci\u00f3n),\u00a0 contratos ( compraventa, arrendamiento, donaci\u00f3n), Regularizaci\u00f3n de bienes inmuebles y conflictos patrimoniales.<\/li><li><strong>Litigio Administrativo:\u00a0<\/strong>Impugnaci\u00f3n de sanciones y multas administrativas, Defensa en procedimientos ante autoridades municipales, estatales y federales, Juicios contenciosos administrativos., Amparos en materia administrativa, Asesor\u00eda en tr\u00e1mites y procedimientos administrativos (licencias, permisos, autorizaciones, etc.).<\/li><li data-start=\"585\" data-end=\"695\"><strong data-start=\"585\" data-end=\"605\">Defensa laboral:<\/strong> Protecci\u00f3n frente a despidos injustificados, prestaciones y conflictos con empleadores.<\/li><li data-start=\"698\" data-end=\"793\"><strong data-start=\"698\" data-end=\"720\">Juicios de amparo:<\/strong> Defensa contra actos de autoridad que vulneren derechos fundamentales, a trav\u00e9s de la presentaci\u00f3n y seguimiento de juicio de Amparo o Indirecto.<\/li><li data-start=\"796\" data-end=\"887\"><strong data-start=\"796\" data-end=\"842\">Tr\u00e1mites ante IMSS, INFONAVIT y FOVISSSTE:<\/strong> Asesor\u00eda en pensiones, cr\u00e9ditos y seguros.<\/li><\/ul>\t\t\t\t\t\t\t\t<\/div>\n\t\t\t\t<\/div>\n\t\t\t\t<\/div>\n\t\t\t\t\t<\/div>\n\t\t\t\t<\/div>\n\t\t\t\t<section class=\"elementor-section elementor-top-section elementor-element elementor-element-bed192f elementor-section-height-min-height elementor-section-content-middle elementor-section-boxed elementor-section-height-default elementor-section-items-middle\" data-id=\"bed192f\" data-element_type=\"section\" data-settings=\"{&quot;background_background&quot;:&quot;classic&quot;}\">\n\t\t\t\t\t\t\t<div class=\"elementor-background-overlay\"><\/div>\n\t\t\t\t\t\t\t<div class=\"elementor-container elementor-column-gap-no\">\n\t\t\t\t\t<div class=\"elementor-column elementor-col-100 elementor-top-column elementor-element elementor-element-142ec10\" data-id=\"142ec10\" data-element_type=\"column\">\n\t\t\t<div class=\"elementor-widget-wrap elementor-element-populated\">\n\t\t\t\t\t\t<div class=\"elementor-element elementor-element-5b3413e elementor-widget__width-inherit elementor-invisible elementor-widget elementor-widget-elementskit-heading\" data-id=\"5b3413e\" data-element_type=\"widget\" data-settings=\"{&quot;_animation&quot;:&quot;fadeInUp&quot;}\" data-widget_type=\"elementskit-heading.default\">\n\t\t\t\t\t<div class=\"ekit-wid-con\" ><div class=\"ekit-heading elementskit-section-title-wraper text_center   ekit_heading_tablet-   ekit_heading_mobile-text_center\"><h3 class=\"elementskit-section-subtitle  \">\n\t\t\t\t\t\tManteng\u00e1monos en contacto.\n\t\t\t\t\t<\/h3><h2 class=\"ekit-heading--title elementskit-section-title \">\u00bfTienes alguna pregunta? <br> \u00a1Ponte en contacto con nosotros!<\/h2><\/div><\/div>\t\t\t\t<\/div>\n\t\t\t\t<div class=\"elementor-element elementor-element-3a0cbce elementor-align-center elementor-mobile-align-center elementor-widget__width-inherit elementor-widget-mobile__width-inherit elementor-widget elementor-widget-button\" data-id=\"3a0cbce\" data-element_type=\"widget\" data-widget_type=\"button.default\">\n\t\t\t\t\t\t\t\t\t\t<a class=\"elementor-button elementor-button-link elementor-size-md\" href=\"https:\/\/humanlex.mxc.mx\/index.php\/contacto\/\">\n\t\t\t\t\t\t<span class=\"elementor-button-content-wrapper\">\n\t\t\t\t\t\t<span class=\"elementor-button-icon\">\n\t\t\t\t<i aria-hidden=\"true\" class=\"icon icon-arrow-right\"><\/i>\t\t\t<\/span>\n\t\t\t\t\t\t\t\t\t<span class=\"elementor-button-text\">CONTACTO<\/span>\n\t\t\t\t\t<\/span>\n\t\t\t\t\t<\/a>\n\t\t\t\t\t\t\t\t<\/div>\n\t\t\t\t\t<\/div>\n\t\t<\/div>\n\t\t\t\t\t<\/div>\n\t\t<\/section>\n\t\t\t\t<\/div>\n\t\t","protected":false},"excerpt":{"rendered":"<p>Human Lex Olvera Servicios Servicios Para personas y familias En Human Lex Olvera acompa\u00f1amos a las personas y familias en la protecci\u00f3n de sus derechos.Nuestros principales servicios son: Asesor\u00eda legal inicial: Orientaci\u00f3n clara sobre su situaci\u00f3n y las alternativas legales disponibles. Litigio civil y familiar: Juicios Sucesorios, Divorcios, pensiones alimenticias, custodia y Custodia, procedimiento judicial [&hellip;]<\/p>\n","protected":false},"author":1,"featured_media":0,"parent":0,"menu_order":0,"comment_status":"closed","ping_status":"closed","template":"","meta":{"ocean_post_layout":"full-screen","ocean_both_sidebars_style":"","ocean_both_sidebars_content_width":0,"ocean_both_sidebars_sidebars_width":0,"ocean_sidebar":"0","ocean_second_sidebar":"0","ocean_disable_margins":"enable","ocean_add_body_class":"","ocean_shortcode_before_top_bar":"","ocean_shortcode_after_top_bar":"","ocean_shortcode_before_header":"","ocean_shortcode_after_header":"","ocean_has_shortcode":"","ocean_shortcode_after_title":"","ocean_shortcode_before_footer_widgets":"","ocean_shortcode_after_footer_widgets":"","ocean_shortcode_before_footer_bottom":"","ocean_shortcode_after_footer_bottom":"","ocean_display_top_bar":"default","ocean_display_header":"default","ocean_header_style":"","ocean_center_header_left_menu":"0","ocean_custom_header_template":"0","ocean_custom_logo":0,"ocean_custom_retina_logo":0,"ocean_custom_logo_max_width":0,"ocean_custom_logo_tablet_max_width":0,"ocean_custom_logo_mobile_max_width":0,"ocean_custom_logo_max_height":0,"ocean_custom_logo_tablet_max_height":0,"ocean_custom_logo_mobile_max_height":0,"ocean_header_custom_menu":"0","ocean_menu_typo_font_family":"0","ocean_menu_typo_font_subset":"","ocean_menu_typo_font_size":0,"ocean_menu_typo_font_size_tablet":0,"ocean_menu_typo_font_size_mobile":0,"ocean_menu_typo_font_size_unit":"px","ocean_menu_typo_font_weight":"","ocean_menu_typo_font_weight_tablet":"","ocean_menu_typo_font_weight_mobile":"","ocean_menu_typo_transform":"","ocean_menu_typo_transform_tablet":"","ocean_menu_typo_transform_mobile":"","ocean_menu_typo_line_height":0,"ocean_menu_typo_line_height_tablet":0,"ocean_menu_typo_line_height_mobile":0,"ocean_menu_typo_line_height_unit":"","ocean_menu_typo_spacing":0,"ocean_menu_typo_spacing_tablet":0,"ocean_menu_typo_spacing_mobile":0,"ocean_menu_typo_spacing_unit":"","ocean_menu_link_color":"","ocean_menu_link_color_hover":"","ocean_menu_link_color_active":"","ocean_menu_link_background":"","ocean_menu_link_hover_background":"","ocean_menu_link_active_background":"","ocean_menu_social_links_bg":"","ocean_menu_social_hover_links_bg":"","ocean_menu_social_links_color":"","ocean_menu_social_hover_links_color":"","ocean_disable_title":"default","ocean_disable_heading":"default","ocean_post_title":"","ocean_post_subheading":"","ocean_post_title_style":"","ocean_post_title_background_color":"","ocean_post_title_background":0,"ocean_post_title_bg_image_position":"","ocean_post_title_bg_image_attachment":"","ocean_post_title_bg_image_repeat":"","ocean_post_title_bg_image_size":"","ocean_post_title_height":0,"ocean_post_title_bg_overlay":0.5,"ocean_post_title_bg_overlay_color":"","ocean_disable_breadcrumbs":"default","ocean_breadcrumbs_color":"","ocean_breadcrumbs_separator_color":"","ocean_breadcrumbs_links_color":"","ocean_breadcrumbs_links_hover_color":"","ocean_display_footer_widgets":"default","ocean_display_footer_bottom":"default","ocean_custom_footer_template":"0","footnotes":""},"class_list":["post-87","page","type-page","status-publish","hentry","entry"],"_links":{"self":[{"href":"https:\/\/humanlex.mxc.mx\/index.php\/wp-json\/wp\/v2\/pages\/87","targetHints":{"allow":["GET"]}}],"collection":[{"href":"https:\/\/humanlex.mxc.mx\/index.php\/wp-json\/wp\/v2\/pages"}],"about":[{"href":"https:\/\/humanlex.mxc.mx\/index.php\/wp-json\/wp\/v2\/types\/page"}],"author":[{"embeddable":true,"href":"https:\/\/humanlex.mxc.mx\/index.php\/wp-json\/wp\/v2\/users\/1"}],"replies":[{"embeddable":true,"href":"https:\/\/humanlex.mxc.mx\/index.php\/wp-json\/wp\/v2\/comments?post=87"}],"version-history":[{"count":7,"href":"https:\/\/humanlex.mxc.mx\/index.php\/wp-json\/wp\/v2\/pages\/87\/revisions"}],"predecessor-version":[{"id":178,"href":"https:\/\/humanlex.mxc.mx\/index.php\/wp-json\/wp\/v2\/pages\/87\/revisions\/178"}],"wp:attachment":[{"href":"https:\/\/humanlex.mxc.mx\/index.php\/wp-json\/wp\/v2\/media?parent=87"}],"curies":[{"name":"wp","href":"https:\/\/api.w.org\/{rel}","templated":true}]}}